{"id":2867,"date":"2021-05-31T17:21:30","date_gmt":"2021-05-31T15:21:30","guid":{"rendered":"https:\/\/letealetang.bzh\/?page_id=2867"},"modified":"2023-04-12T16:17:07","modified_gmt":"2023-04-12T14:17:07","slug":"geocatching","status":"publish","type":"page","link":"https:\/\/letealetang.bzh\/?page_id=2867","title":{"rendered":"G\u00e9ocatching"},"content":{"rendered":"\t\t<div data-elementor-type=\"wp-page\" data-elementor-id=\"2867\" class=\"elementor elementor-2867\" data-elementor-settings=\"[]\">\n\t\t\t\t\t\t\t<div class=\"elementor-section-wrap\">\n\t\t\t\t\t\t\t<section class=\"elementor-section elementor-top-section elementor-element elementor-element-2455fd1c elementor-section-stretched elementor-section-boxed ang-section-padding-initial elementor-section-height-default elementor-section-height-default\" data-id=\"2455fd1c\" data-element_type=\"section\" data-settings=\"{&quot;stretch_section&quot;:&quot;section-stretched&quot;,&quot;ekit_has_onepagescroll_dot&quot;:&quot;yes&quot;}\">\n\t\t\t\t\t\t<div class=\"elementor-container elementor-column-gap-default\">\n\t\t\t\t\t<div class=\"elementor-column elementor-col-50 elementor-top-column elementor-element elementor-element-20a8c242\" data-id=\"20a8c242\" data-element_type=\"column\">\n\t\t\t<div class=\"elementor-widget-wrap elementor-element-populated\">\n\t\t\t\t\t\t\t\t<div class=\"elementor-element elementor-element-406c027d elementor-widget elementor-widget-image\" data-id=\"406c027d\" data-element_type=\"widget\" data-widget_type=\"image.default\">\n\t\t\t\t<div class=\"elementor-widget-container\">\n\t\t\t\t\t<div class=\"elementor-image\">\n\t\t\t\t\t\t\t\t\t\t<img loading=\"lazy\" decoding=\"async\" width=\"580\" height=\"346\" src=\"https:\/\/letealetang.bzh\/wp-content\/uploads\/2021\/03\/geocatching.png\" class=\"attachment-large size-large\" alt=\"\" srcset=\"https:\/\/letealetang.bzh\/wp-content\/uploads\/2021\/03\/geocatching.png 606w, https:\/\/letealetang.bzh\/wp-content\/uploads\/2021\/03\/geocatching-300x179.png 300w\" sizes=\"(max-width: 580px) 100vw, 580px\" \/>\t\t\t\t\t\t\t\t\t\t\t<\/div>\n\t\t\t\t<\/div>\n\t\t\t\t<\/div>\n\t\t\t\t<div class=\"elementor-element elementor-element-57c90406 elementor-widget elementor-widget-heading\" data-id=\"57c90406\" data-element_type=\"widget\" data-widget_type=\"heading.default\">\n\t\t\t\t<div class=\"elementor-widget-container\">\n\t\t\t<h2 class=\"elementor-heading-title elementor-size-default\"><img decoding=\"async\" draggable=\"false\" role=\"img\" class=\"emoji\" alt=\"\ud83d\udccd\" src=\"https:\/\/s.w.org\/images\/core\/emoji\/13.0.1\/svg\/1f4cd.svg\" style=\"font-size: 25px; letter-spacing: -0.0415625em; text-align: left; background-color: rgb(97, 199, 168);\"><span style=\"font-size: 25px; letter-spacing: -1.03906px;\">Tour de l'\u00e9tang<\/span><br><img decoding=\"async\" draggable=\"false\" role=\"img\" class=\"emoji\" alt=\"\ud83d\udcc6\" src=\"https:\/\/s.w.org\/images\/core\/emoji\/13.0.1\/svg\/1f4c6.svg\"> Tous les jours <br><img decoding=\"async\" draggable=\"false\" role=\"img\" class=\"emoji\" alt=\"\u23f1\" src=\"https:\/\/s.w.org\/images\/core\/emoji\/13.0.1\/svg\/23f1.svg\"> Dur\u00e9e : de 30 min \u00e0 1h00     <br><img decoding=\"async\" draggable=\"false\" role=\"img\" class=\"emoji\" alt=\"\ud83d\udcb6\" src=\"https:\/\/s.w.org\/images\/core\/emoji\/13.0.1\/svg\/1f4b6.svg\"> Gratuit                              <br><img decoding=\"async\" draggable=\"false\" role=\"img\" class=\"emoji\" alt=\"\ud83d\udc69\u200d\ud83d\udc69\u200d\ud83d\udc66\u200d\ud83d\udc66\" src=\"https:\/\/s.w.org\/images\/core\/emoji\/13.0.1\/svg\/1f469-200d-1f469-200d-1f466-200d-1f466.svg\"> Tout public                     <\/h2>\t\t<\/div>\n\t\t\t\t<\/div>\n\t\t\t\t\t<\/div>\n\t\t<\/div>\n\t\t\t\t<div class=\"elementor-column elementor-col-50 elementor-top-column elementor-element elementor-element-3b4870c4\" data-id=\"3b4870c4\" data-element_type=\"column\">\n\t\t\t<div class=\"elementor-widget-wrap elementor-element-populated\">\n\t\t\t\t\t\t\t\t<div class=\"elementor-element elementor-element-3eb37bcb elementor-widget elementor-widget-heading\" data-id=\"3eb37bcb\" data-element_type=\"widget\" data-widget_type=\"heading.default\">\n\t\t\t\t<div class=\"elementor-widget-container\">\n\t\t\t<h2 class=\"elementor-heading-title elementor-size-default\">G\u00e9ocaching<\/h2>\t\t<\/div>\n\t\t\t\t<\/div>\n\t\t\t\t<div class=\"elementor-element elementor-element-19414799 elementor-widget elementor-widget-heading\" data-id=\"19414799\" data-element_type=\"widget\" data-widget_type=\"heading.default\">\n\t\t\t\t<div class=\"elementor-widget-container\">\n\t\t\t<h2 class=\"elementor-heading-title elementor-size-default\">Tous les jours partez \u00e0 la d\u00e9couverte de tr\u00e9sors cach\u00e9s \u00e0 proximit\u00e9 de l'\u00e9tang ! Avec la cache \u201cLe tour de l\u2019\u00e9tang\u201d, au d\u00e9part de la plage, d\u00e9couvrez l\u2019histoire de Martign\u00e9-Ferchaud et de son \u00e9tang. La cache \u201cLe dragon de l\u2019\u00e9tang de la Forge\u201d, au d\u00e9part du sentier d\u2019interpr\u00e9tation, vous permettra d\u2019explorer la richesse de la biodiversit\u00e9 de l\u2019\u00e9tang !<br><br>Plus d'une centaine de parcours sont propos\u00e9 dans tout le d\u00e9partement, des \u00e9nigmes \u00e0 r\u00e9soudre et autant de tr\u00e9sors \u00e0 trouver. De quoi d\u00e9couvrir la Haute Bretagne en vous amusant !<\/h2>\t\t<\/div>\n\t\t\t\t<\/div>\n\t\t\t\t<div class=\"elementor-element elementor-element-bc38f79 elementor-widget elementor-widget-heading\" data-id=\"bc38f79\" data-element_type=\"widget\" data-widget_type=\"heading.default\">\n\t\t\t\t<div class=\"elementor-widget-container\">\n\t\t\t<h2 class=\"elementor-heading-title elementor-size-default\"><a href=\"https:\/\/www.tresorsdehautebretagne.fr\/\" target=\"_blank\"><h2 class=\"elementor-heading-title elementor-size-default elementor-inline-editing pen\" data-elementor-setting-key=\"title\" data-pen-placeholder=\"\u00c9crivez ici...\" style=\"line-height: 1.6em; text-align: justify; outline-style: initial; outline-width: 0px;\">Pour jouer, t\u00e9l\u00e9chargez l\u2019application mobile sur AppStore et Google Play ou sur le site internet<u> www.tresorsdehautebretagne.fr<\/u> et aff\u00fbtez votre sens de l\u2019observation.<\/h2><\/a><\/h2>\t\t<\/div>\n\t\t\t\t<\/div>\n\t\t\t\t\t<\/div>\n\t\t<\/div>\n\t\t\t\t\t\t\t<\/div>\n\t\t<\/section>\n\t\t\t\t\t\t<\/div>\n\t\t\t\t\t<\/div>\n\t\t","protected":false},"excerpt":{"rendered":"<p>Tour de l&rsquo;\u00e9tang Tous les jours Dur\u00e9e : de 30 min \u00e0 1h00 Gratuit Tout public G\u00e9ocaching Tous les jours partez \u00e0 la d\u00e9couverte de tr\u00e9sors cach\u00e9s \u00e0 proximit\u00e9 de l&rsquo;\u00e9tang ! Avec la cache \u201cLe tour de l\u2019\u00e9tang\u201d, au d\u00e9part de la plage, d\u00e9couvrez l\u2019histoire de Martign\u00e9-Ferchaud et de son \u00e9tang. La cache \u201cLe [&hellip;]<\/p>\n","protected":false},"author":1,"featured_media":0,"parent":0,"menu_order":0,"comment_status":"closed","ping_status":"closed","template":"","meta":{"footnotes":""},"_links":{"self":[{"href":"https:\/\/letealetang.bzh\/index.php?rest_route=\/wp\/v2\/pages\/2867"}],"collection":[{"href":"https:\/\/letealetang.bzh\/index.php?rest_route=\/wp\/v2\/pages"}],"about":[{"href":"https:\/\/letealetang.bzh\/index.php?rest_route=\/wp\/v2\/types\/page"}],"author":[{"embeddable":true,"href":"https:\/\/letealetang.bzh\/index.php?rest_route=\/wp\/v2\/users\/1"}],"replies":[{"embeddable":true,"href":"https:\/\/letealetang.bzh\/index.php?rest_route=%2Fwp%2Fv2%2Fcomments&post=2867"}],"version-history":[{"count":18,"href":"https:\/\/letealetang.bzh\/index.php?rest_route=\/wp\/v2\/pages\/2867\/revisions"}],"predecessor-version":[{"id":5592,"href":"https:\/\/letealetang.bzh\/index.php?rest_route=\/wp\/v2\/pages\/2867\/revisions\/5592"}],"wp:attachment":[{"href":"https:\/\/letealetang.bzh\/index.php?rest_route=%2Fwp%2Fv2%2Fmedia&parent=2867"}],"curies":[{"name":"wp","href":"https:\/\/api.w.org\/{rel}","templated":true}]}}