{"id":2886,"date":"2021-05-31T17:47:30","date_gmt":"2021-05-31T15:47:30","guid":{"rendered":"https:\/\/letealetang.bzh\/?page_id=2886"},"modified":"2023-04-12T16:10:39","modified_gmt":"2023-04-12T14:10:39","slug":"sentier-dinterpretation-et-reserve-ornithologique%e2%80%8b","status":"publish","type":"page","link":"https:\/\/letealetang.bzh\/?page_id=2886","title":{"rendered":"Sentier d&rsquo;interpr\u00e9tation et r\u00e9serve ornithologique\u200b"},"content":{"rendered":"\t\t<div data-elementor-type=\"wp-page\" data-elementor-id=\"2886\" class=\"elementor elementor-2886\" data-elementor-settings=\"[]\">\n\t\t\t\t\t\t\t<div class=\"elementor-section-wrap\">\n\t\t\t\t\t\t\t<section class=\"elementor-section elementor-top-section elementor-element elementor-element-61caf4aa elementor-section-stretched elementor-section-boxed ang-section-padding-initial elementor-section-height-default elementor-section-height-default\" data-id=\"61caf4aa\" data-element_type=\"section\" data-settings=\"{&quot;stretch_section&quot;:&quot;section-stretched&quot;,&quot;ekit_has_onepagescroll_dot&quot;:&quot;yes&quot;}\">\n\t\t\t\t\t\t<div class=\"elementor-container elementor-column-gap-default\">\n\t\t\t\t\t<div class=\"elementor-column elementor-col-50 elementor-top-column elementor-element elementor-element-3c75a1f7\" data-id=\"3c75a1f7\" data-element_type=\"column\">\n\t\t\t<div class=\"elementor-widget-wrap elementor-element-populated\">\n\t\t\t\t\t\t\t\t<div class=\"elementor-element elementor-element-7e15bc01 elementor-widget elementor-widget-image\" data-id=\"7e15bc01\" data-element_type=\"widget\" data-widget_type=\"image.default\">\n\t\t\t\t<div class=\"elementor-widget-container\">\n\t\t\t\t\t<div class=\"elementor-image\">\n\t\t\t\t\t\t\t\t\t\t<img loading=\"lazy\" decoding=\"async\" width=\"474\" height=\"324\" src=\"https:\/\/letealetang.bzh\/wp-content\/uploads\/2021\/03\/1111111111111111111111111111111111111111111-474x324.jpg\" class=\"attachment-meccarouselthumb size-meccarouselthumb\" alt=\"\" \/>\t\t\t\t\t\t\t\t\t\t\t<\/div>\n\t\t\t\t<\/div>\n\t\t\t\t<\/div>\n\t\t\t\t<div class=\"elementor-element elementor-element-34ac517 elementor-widget elementor-widget-heading\" data-id=\"34ac517\" data-element_type=\"widget\" data-widget_type=\"heading.default\">\n\t\t\t\t<div class=\"elementor-widget-container\">\n\t\t\t<h2 class=\"elementor-heading-title elementor-size-default\"><img decoding=\"async\" draggable=\"false\" role=\"img\" class=\"emoji\" alt=\"\ud83d\udccd\" src=\"https:\/\/s.w.org\/images\/core\/emoji\/13.0.1\/svg\/1f4cd.svg\" style=\"text-align: left; background-color: rgb(97, 199, 168); font-size: 25px; letter-spacing: -0.0415625em; background-image: none !important;\"><span style=\"font-size: 25px; letter-spacing: -1.03906px;\">D\u00e9part du parking de Taillepied <\/span><br><img decoding=\"async\" draggable=\"false\" role=\"img\" class=\"emoji\" alt=\"\ud83d\udcc6\" src=\"https:\/\/s.w.org\/images\/core\/emoji\/13.0.1\/svg\/1f4c6.svg\"> Tous les jours <br><img decoding=\"async\" draggable=\"false\" role=\"img\" class=\"emoji\" alt=\"\ud83d\udd52\" src=\"https:\/\/s.w.org\/images\/core\/emoji\/13.0.1\/svg\/1f552.svg\"> Dur\u00e9e : 1h00 <br><img decoding=\"async\" draggable=\"false\" role=\"img\" class=\"emoji\" alt=\"\ud83d\udcb6\" src=\"https:\/\/s.w.org\/images\/core\/emoji\/13.0.1\/svg\/1f4b6.svg\"> Gratuit                              <br><img decoding=\"async\" draggable=\"false\" role=\"img\" class=\"emoji\" alt=\"\ud83d\udc69\u200d\ud83d\udc69\u200d\ud83d\udc66\u200d\ud83d\udc66\" src=\"https:\/\/s.w.org\/images\/core\/emoji\/13.0.1\/svg\/1f469-200d-1f469-200d-1f466-200d-1f466.svg\"> Tout public                   <\/h2>\t\t<\/div>\n\t\t\t\t<\/div>\n\t\t\t\t\t<\/div>\n\t\t<\/div>\n\t\t\t\t<div class=\"elementor-column elementor-col-50 elementor-top-column elementor-element elementor-element-6652ed18\" data-id=\"6652ed18\" data-element_type=\"column\">\n\t\t\t<div class=\"elementor-widget-wrap elementor-element-populated\">\n\t\t\t\t\t\t\t\t<div class=\"elementor-element elementor-element-10949470 elementor-widget elementor-widget-heading\" data-id=\"10949470\" data-element_type=\"widget\" data-widget_type=\"heading.default\">\n\t\t\t\t<div class=\"elementor-widget-container\">\n\t\t\t<h2 class=\"elementor-heading-title elementor-size-default\">Sentier d'interpr\u00e9tation et r\u00e9serve ornithologique<br><\/h2>\t\t<\/div>\n\t\t\t\t<\/div>\n\t\t\t\t<div class=\"elementor-element elementor-element-27b6fa0f elementor-widget elementor-widget-heading\" data-id=\"27b6fa0f\" data-element_type=\"widget\" data-widget_type=\"heading.default\">\n\t\t\t\t<div class=\"elementor-widget-container\">\n\t\t\t<h2 class=\"elementor-heading-title elementor-size-default\"><div style=\"text-align: start; direction: ltr;\"><p style=\"text-align: start; vertical-align: baseline; background-color: transparent;\"><span style=\"font-size: 21px;\">Ecoutez Semnon le dragon vous d\u00e9voiler l\u2019histoire de l\u2019\u00e9tang de la Forge et de toute la vie qui foisonne autour. Au long d\u2019un circuit facile d\u2019acc\u00e8s de 2,5 kilom\u00e8tres, et gr\u00e2ce \u00e0 8 stations d\u2019interpr\u00e9tation enrichies de pistes sonores, entrez dans l\u2019intimit\u00e9 d\u2019un site o\u00f9 la beaut\u00e9 du paysage n\u2019a rien \u00e0 envier \u00e0 la richesse du patrimoine nature.<\/span><span style=\"color: var( --e-global-color-accent ); letter-spacing: -0.0415625em; text-align: inherit;\"><\/span><\/p><\/div><\/h2>\t\t<\/div>\n\t\t\t\t<\/div>\n\t\t\t\t<div class=\"elementor-element elementor-element-ca7674c elementor-widget elementor-widget-heading\" data-id=\"ca7674c\" data-element_type=\"widget\" data-widget_type=\"heading.default\">\n\t\t\t\t<div class=\"elementor-widget-container\">\n\t\t\t<h2 class=\"elementor-heading-title elementor-size-default\"><a href=\"https:\/\/tourisme.rafcom.bzh\/visiter\/decouvertes\/patrimoine-naturel\" target=\"_blank\">T\u00e9l\u00e9chargez les pistes sonores en direct via votre smartphone ou sur le site internet <u>http:\/\/tourisme.rafcom.bzh.<\/u><\/a><\/h2>\t\t<\/div>\n\t\t\t\t<\/div>\n\t\t\t\t\t<\/div>\n\t\t<\/div>\n\t\t\t\t\t\t\t<\/div>\n\t\t<\/section>\n\t\t\t\t\t\t<\/div>\n\t\t\t\t\t<\/div>\n\t\t","protected":false},"excerpt":{"rendered":"<p>D\u00e9part du parking de Taillepied Tous les jours Dur\u00e9e : 1h00 Gratuit Tout public Sentier d&rsquo;interpr\u00e9tation et r\u00e9serve ornithologique Ecoutez Semnon le dragon vous d\u00e9voiler l\u2019histoire de l\u2019\u00e9tang de la Forge et de toute la vie qui foisonne autour. Au long d\u2019un circuit facile d\u2019acc\u00e8s de 2,5 kilom\u00e8tres, et gr\u00e2ce \u00e0 8 stations d\u2019interpr\u00e9tation enrichies [&hellip;]<\/p>\n","protected":false},"author":1,"featured_media":0,"parent":0,"menu_order":0,"comment_status":"closed","ping_status":"closed","template":"","meta":{"footnotes":""},"_links":{"self":[{"href":"https:\/\/letealetang.bzh\/index.php?rest_route=\/wp\/v2\/pages\/2886"}],"collection":[{"href":"https:\/\/letealetang.bzh\/index.php?rest_route=\/wp\/v2\/pages"}],"about":[{"href":"https:\/\/letealetang.bzh\/index.php?rest_route=\/wp\/v2\/types\/page"}],"author":[{"embeddable":true,"href":"https:\/\/letealetang.bzh\/index.php?rest_route=\/wp\/v2\/users\/1"}],"replies":[{"embeddable":true,"href":"https:\/\/letealetang.bzh\/index.php?rest_route=%2Fwp%2Fv2%2Fcomments&post=2886"}],"version-history":[{"count":58,"href":"https:\/\/letealetang.bzh\/index.php?rest_route=\/wp\/v2\/pages\/2886\/revisions"}],"predecessor-version":[{"id":5582,"href":"https:\/\/letealetang.bzh\/index.php?rest_route=\/wp\/v2\/pages\/2886\/revisions\/5582"}],"wp:attachment":[{"href":"https:\/\/letealetang.bzh\/index.php?rest_route=%2Fwp%2Fv2%2Fmedia&parent=2886"}],"curies":[{"name":"wp","href":"https:\/\/api.w.org\/{rel}","templated":true}]}}