{"id":3023,"date":"2021-06-01T12:03:02","date_gmt":"2021-06-01T10:03:02","guid":{"rendered":"https:\/\/letealetang.bzh\/?page_id=3023"},"modified":"2023-04-12T09:37:17","modified_gmt":"2023-04-12T07:37:17","slug":"nos-partenaires","status":"publish","type":"page","link":"https:\/\/letealetang.bzh\/?page_id=3023","title":{"rendered":"Nos partenaires"},"content":{"rendered":"\t\t<div data-elementor-type=\"wp-page\" data-elementor-id=\"3023\" class=\"elementor elementor-3023\" data-elementor-settings=\"[]\">\n\t\t\t\t\t\t\t<div class=\"elementor-section-wrap\">\n\t\t\t\t\t\t\t<section class=\"elementor-section elementor-top-section elementor-element elementor-element-f784b1a elementor-section-boxed ang-section-padding-initial elementor-section-height-default elementor-section-height-default\" data-id=\"f784b1a\" data-element_type=\"section\" data-settings=\"{&quot;ekit_has_onepagescroll_dot&quot;:&quot;yes&quot;}\">\n\t\t\t\t\t\t<div class=\"elementor-container elementor-column-gap-default\">\n\t\t\t\t\t<div class=\"elementor-column elementor-col-100 elementor-top-column elementor-element elementor-element-fd7d0f6\" data-id=\"fd7d0f6\" data-element_type=\"column\">\n\t\t\t<div class=\"elementor-widget-wrap elementor-element-populated\">\n\t\t\t\t\t\t\t\t<div class=\"elementor-element elementor-element-f8408de elementor-widget elementor-widget-heading\" data-id=\"f8408de\" data-element_type=\"widget\" data-widget_type=\"heading.default\">\n\t\t\t\t<div class=\"elementor-widget-container\">\n\t\t\t<h2 class=\"elementor-heading-title elementor-size-default\">Qui sommes-nous ? <\/h2>\t\t<\/div>\n\t\t\t\t<\/div>\n\t\t\t\t\t<\/div>\n\t\t<\/div>\n\t\t\t\t\t\t\t<\/div>\n\t\t<\/section>\n\t\t\t\t<section class=\"elementor-section elementor-top-section elementor-element elementor-element-488b326 elementor-section-boxed ang-section-padding-initial elementor-section-height-default elementor-section-height-default\" data-id=\"488b326\" data-element_type=\"section\" data-settings=\"{&quot;ekit_has_onepagescroll_dot&quot;:&quot;yes&quot;}\">\n\t\t\t\t\t\t<div class=\"elementor-container elementor-column-gap-default\">\n\t\t\t\t\t<div class=\"elementor-column elementor-col-100 elementor-top-column elementor-element elementor-element-8febea8\" data-id=\"8febea8\" data-element_type=\"column\">\n\t\t\t<div class=\"elementor-widget-wrap elementor-element-populated\">\n\t\t\t\t\t\t\t\t<div class=\"elementor-element elementor-element-6992355 elementor-widget elementor-widget-text-editor\" data-id=\"6992355\" data-element_type=\"widget\" data-widget_type=\"text-editor.default\">\n\t\t\t\t<div class=\"elementor-widget-container\">\n\t\t\t\t\t<div class=\"elementor-text-editor elementor-clearfix\">L \u2019\u00c9t\u00e9 \u00e0 l\u2019\u00e9tang r\u00e9unit des associations et des collectivit\u00e9s qui mettent en commun leurs comp\u00e9tences et leur \u00e9nergie afin de vous proposer un programme d\u2019activit\u00e9s riche et de qualit\u00e9, ouvert \u00e0 tous.\n\nL\u2019\u00c9t\u00e9 \u00e0 l\u2019\u00c9tang existe gr\u00e2ce \u00e0 l\u2019implication de Roche aux F\u00e9es Communaut\u00e9, la Ville de Martign\u00e9-Ferchaud, Les Autochtones, Les \u00c9tincelles Aquatiques, Vents de Cirque, Rue des Arts, Le Stella, Le Semnon Martignolais, L&rsquo;Arborescence, L\u2019Office des Sports du Pays de la Roche aux F\u00e9es, Le Comit\u00e9 des f\u00eates de Martign\u00e9-Ferchaud, Les Mines d&rsquo;Or, Bout&rsquo;branche et l&rsquo;association Le Palet Martignolais.<\/div>\n\t\t\t\t<\/div>\n\t\t\t\t<\/div>\n\t\t\t\t\t<\/div>\n\t\t<\/div>\n\t\t\t\t\t\t\t<\/div>\n\t\t<\/section>\n\t\t\t\t\t\t<\/div>\n\t\t\t\t\t<\/div>\n\t\t","protected":false},"excerpt":{"rendered":"<p>Qui sommes-nous ? L \u2019\u00c9t\u00e9 \u00e0 l\u2019\u00e9tang r\u00e9unit des associations et des collectivit\u00e9s qui mettent en commun leurs comp\u00e9tences et leur \u00e9nergie afin de vous proposer un programme d\u2019activit\u00e9s riche et de qualit\u00e9, ouvert \u00e0 tous. L\u2019\u00c9t\u00e9 \u00e0 l\u2019\u00c9tang existe gr\u00e2ce \u00e0 l\u2019implication de Roche aux F\u00e9es Communaut\u00e9, la Ville de Martign\u00e9-Ferchaud, Les Autochtones, Les [&hellip;]<\/p>\n","protected":false},"author":1,"featured_media":0,"parent":0,"menu_order":0,"comment_status":"closed","ping_status":"closed","template":"elementor_header_footer","meta":{"footnotes":""},"_links":{"self":[{"href":"https:\/\/letealetang.bzh\/index.php?rest_route=\/wp\/v2\/pages\/3023"}],"collection":[{"href":"https:\/\/letealetang.bzh\/index.php?rest_route=\/wp\/v2\/pages"}],"about":[{"href":"https:\/\/letealetang.bzh\/index.php?rest_route=\/wp\/v2\/types\/page"}],"author":[{"embeddable":true,"href":"https:\/\/letealetang.bzh\/index.php?rest_route=\/wp\/v2\/users\/1"}],"replies":[{"embeddable":true,"href":"https:\/\/letealetang.bzh\/index.php?rest_route=%2Fwp%2Fv2%2Fcomments&post=3023"}],"version-history":[{"count":75,"href":"https:\/\/letealetang.bzh\/index.php?rest_route=\/wp\/v2\/pages\/3023\/revisions"}],"predecessor-version":[{"id":5311,"href":"https:\/\/letealetang.bzh\/index.php?rest_route=\/wp\/v2\/pages\/3023\/revisions\/5311"}],"wp:attachment":[{"href":"https:\/\/letealetang.bzh\/index.php?rest_route=%2Fwp%2Fv2%2Fmedia&parent=3023"}],"curies":[{"name":"wp","href":"https:\/\/api.w.org\/{rel}","templated":true}]}}